{"id":5,"date":"2015-10-06T03:19:07","date_gmt":"2015-10-05T20:19:07","guid":{"rendered":"http:\/\/gdvsdt.wordpress.com\/?page_id=1"},"modified":"2025-05-13T14:22:12","modified_gmt":"2025-05-13T07:22:12","slug":"about","status":"publish","type":"page","link":"https:\/\/gdvsdt.com\/blog\/about\/","title":{"rendered":"Gi\u1edbi Thi\u1ec7u Nh\u00f3m"},"content":{"rendered":"<h3>Th\u00e0nh l\u1eadp<\/h3>\n<p><span style=\"font-family: 'times new roman', times, serif; font-size: 12pt;\">N\u0103m 2012 tr\u01b0\u1edbc khi ho\u00e0n t\u1ea5t l\u1edbp Gi\u00e1o l\u00fd D\u1ef1 T\u00f2ng (2011-2012), \u0111\u01b0\u1ee3c s\u1ef1 soi s\u00e1ng c\u1ee7a Ch\u00faa\u00a0Th\u00e1nh Th\u1ea7n, Sr. Anne Nguy\u1ec5n H\u1eefu Ph\u00fac \u0111\u00e3 m\u1eddi g\u1ecdi th\u00e0nh l\u1eadp nh\u00f3m sinh ho\u1ea1t gia \u0111\u00ecnh v\u1edbi m\u1ee5c \u0111\u00edch gi\u00fap \u0111\u1ee1 c\u00e1c anh ch\u1ecb em T\u00e2n t\u00f2ng nu\u00f4i d\u01b0\u1ee1ng \u0110\u1ee9c Tin v\u00e0 ph\u00e1t tri\u1ec3n \u0111\u1eddi s\u1ed1ng t\u00e2m linh v\u1edbi s\u1ef1 \u0111\u1ed3ng h\u00e0nh c\u1ee7a cha m\u1eb9 \u0111\u1ee1 \u0111\u1ea7u v\u00e0 ng\u01b0\u1eddi th\u00e2n trong gia \u0111\u00ecnh.<\/span><\/p>\n<h3>C\u00e1c ho\u1ea1t \u0111\u1ed9ng c\u1ee7a nh\u00f3m G\u0110VS\u0110T<\/h3>\n<ul>\n<li>T\u1ed5 ch\u1ee9c Th\u00e1nh L\u1ec5 v\u1edbi b\u1eefa \u0103n Huynh \u0111\u1ec7.<\/li>\n<li>Sinh ho\u1ea1t chuy\u00ean \u0111\u1ec1.<\/li>\n<li>T\u0129nh t\u00e2m.<\/li>\n<li>T\u1ed5 ch\u1ee9c \u0111\u1ecdc kinh t\u1ea1i m\u1ed9t s\u1ed1 gia \u0111\u00ecnh.<\/li>\n<li>Th\u1ef1c hi\u1ec7n ch\u01b0\u01a1ng tr\u00ecnh b\u00e1c \u00e1i ho\u1eb7c k\u1ebft h\u1ee3p t\u0129nh t\u00e2m.<\/li>\n<li>Th\u0103m vi\u1ebfng ng\u01b0\u1eddi b\u1ec7nh trong gia \u0111\u00ecnh c\u1ee7a c\u00e1c th\u00e0nh vi\u00ean.<\/li>\n<li>Th\u0103m vi\u1ebfng, \u0111\u1ecdc kinh v\u00e0 c\u1ea7u l\u1ec5 t\u1ea1i gia \u0111\u00ecnh c\u00e1c th\u00e0nh vi\u00ean khi c\u00f3 ng\u01b0\u1eddi th\u00e2n m\u1ea5t.<\/li>\n<\/ul>\n<h3>H\u01b0\u1edbng \u0111\u1ebfn m\u00f4 h\u00ecnh C\u1ed9ng \u0110o\u00e0n C\u01a1 B\u1ea3n<\/h3>\n<ul>\n<li>Gi\u00fap nh\u00f3m Gia \u0110\u00ecnh Vui S\u1ed1ng \u0110\u1ee9c Tin (G\u0110VS\u0110T) t\u00ecm ra h\u01b0\u1edbng \u0111i m\u1edbi \u0111\u1ec3 ho\u1ea1t \u0111\u1ed9ng c\u1ee7a nh\u00f3m ph\u00f9 h\u1ee3p v\u1edbi \u0111\u01b0\u1eddng h\u01b0\u1edbng c\u1ee7a Gi\u00e1o H\u1ed9i \u0111ang \u0111\u1ed3i m\u1edbi v\u00e0 mang nhi\u1ec1u l\u1ee3i \u00edch cho c\u00e1c th\u00e0nh vi\u00ean tham gia.<\/li>\n<\/ul>\n<ul>\n<li>Gi\u00fap c\u00e1c th\u00e0nh vi\u00ean ph\u00e1t tri\u1ec3n \u0111\u1eddi s\u1ed1ng \u0111\u1ee9c tin qua vi\u1ec7c tham gia ho\u1ea1t \u0111\u1ed9ng nh\u00f3m ch\u1ee7 \u0111\u1ed9ng h\u01a1n, \u0111\u1ed1i tho\u1ea1i nhi\u1ec1u h\u01a1n v\u00e0 c\u00f3 tr\u00e1ch nhi\u1ec7m v\u1edbi nh\u00f3m.<\/li>\n<\/ul>\n<h5 style=\"text-align: left;\">\u00a9 G\u0110VS\u0110T 2015<\/h5>\n<p><a href=\"http:\/\/www.gdvsdt.com\/blog\/wp-content\/uploads\/2015\/10\/12112375_10153053720117136_4629546829933880648_n.jpg\"><img decoding=\"async\" class=\"aligncenter wp-image-42 size-full\" style=\"border: 1px solid #000000; margin-top: 1px; margin-bottom: 1px;\" src=\"http:\/\/www.gdvsdt.com\/blog\/wp-content\/uploads\/2015\/10\/12112375_10153053720117136_4629546829933880648_n.jpg\" alt=\"G\u0110VS\u0110T 10\/10\/2015\" width=\"960\" height=\"640\" srcset=\"https:\/\/gdvsdt.com\/blog\/wp-content\/uploads\/2015\/10\/12112375_10153053720117136_4629546829933880648_n.jpg 960w, https:\/\/gdvsdt.com\/blog\/wp-content\/uploads\/2015\/10\/12112375_10153053720117136_4629546829933880648_n-300x200.jpg 300w, https:\/\/gdvsdt.com\/blog\/wp-content\/uploads\/2015\/10\/12112375_10153053720117136_4629546829933880648_n-768x512.jpg 768w\" sizes=\"(max-width: 960px) 100vw, 960px\" \/><\/a><\/p>\n<h5 style=\"text-align: left;\">K\u1ef7 Ni\u1ec7m 5 N\u0103m G\u0110VS\u0110T, 2012 &#8211; 2017.<\/h5>\n<div><iframe loading=\"lazy\" title=\"YouTube video player\" src=\"https:\/\/www.youtube.com\/embed\/v4dm9kJstRQ?si=9Z3Vf7GFQcEo4GGb\" width=\"560\" height=\"315\" frameborder=\"0\" allowfullscreen=\"allowfullscreen\"><\/iframe><\/div>\n","protected":false},"excerpt":{"rendered":"<p>Th\u00e0nh l\u1eadp N\u0103m 2012 tr\u01b0\u1edbc khi ho\u00e0n t\u1ea5t l\u1edbp Gi\u00e1o l\u00fd D\u1ef1 T\u00f2ng (2011-2012), \u0111\u01b0\u1ee3c s\u1ef1 soi s\u00e1ng c\u1ee7a Ch\u00faa\u00a0Th\u00e1nh Th\u1ea7n, Sr. Anne Nguy\u1ec5n H\u1eefu Ph\u00fac \u0111\u00e3 m\u1eddi g\u1ecdi th\u00e0nh l\u1eadp nh\u00f3m sinh ho\u1ea1t gia \u0111\u00ecnh v\u1edbi m\u1ee5c \u0111\u00edch gi\u00fap \u0111\u1ee1 c\u00e1c anh ch\u1ecb em T\u00e2n t\u00f2ng nu\u00f4i d\u01b0\u1ee1ng \u0110\u1ee9c Tin v\u00e0 ph\u00e1t tri\u1ec3n \u0111\u1eddi [&hellip;]<\/p>\n","protected":false},"author":1,"featured_media":42,"parent":0,"menu_order":0,"comment_status":"open","ping_status":"closed","template":"","meta":{"jnews_page_loop":{"first_title":"Latest Post","header_type":"heading_6","layout":"right-sidebar","sidebar":"default-sidebar","second_sidebar":"default-sidebar","sticky_sidebar":"1","module":"3","main_custom_image_size":"default","second_custom_image_size":"default","excerpt_length":"20","content_date":"default","date_custom":"Y\/m\/d","content_pagination":"nav_1","pagination_align":"center","post_sticky":"0","post_offset":"0","posts_per_page":"5","sort_by":"latest"},"jnews_single_page":{"layout":"no-sidebar","sidebar":"default-sidebar","second_sidebar":"default-sidebar","sticky_sidebar":"1","show_post_title":"1","show_post_breadcrumbs":"1","show_post_featured":"1","share_position":"top","share_color":"share-monocrhome"},"jnews_social_meta":[],"footnotes":""},"class_list":["post-5","page","type-page","status-publish","has-post-thumbnail","hentry"],"_links":{"self":[{"href":"https:\/\/gdvsdt.com\/blog\/wp-json\/wp\/v2\/pages\/5","targetHints":{"allow":["GET"]}}],"collection":[{"href":"https:\/\/gdvsdt.com\/blog\/wp-json\/wp\/v2\/pages"}],"about":[{"href":"https:\/\/gdvsdt.com\/blog\/wp-json\/wp\/v2\/types\/page"}],"author":[{"embeddable":true,"href":"https:\/\/gdvsdt.com\/blog\/wp-json\/wp\/v2\/users\/1"}],"replies":[{"embeddable":true,"href":"https:\/\/gdvsdt.com\/blog\/wp-json\/wp\/v2\/comments?post=5"}],"version-history":[{"count":0,"href":"https:\/\/gdvsdt.com\/blog\/wp-json\/wp\/v2\/pages\/5\/revisions"}],"wp:featuredmedia":[{"embeddable":true,"href":"https:\/\/gdvsdt.com\/blog\/wp-json\/wp\/v2\/media\/42"}],"wp:attachment":[{"href":"https:\/\/gdvsdt.com\/blog\/wp-json\/wp\/v2\/media?parent=5"}],"curies":[{"name":"wp","href":"https:\/\/api.w.org\/{rel}","templated":true}]}}