{"id":1576,"date":"2017-03-19T16:44:55","date_gmt":"2017-03-19T09:44:55","guid":{"rendered":"http:\/\/gdvsdt.com\/blog\/?page_id=1576"},"modified":"2025-05-15T08:14:21","modified_gmt":"2025-05-15T01:14:21","slug":"tam-banh-doi-thuong","status":"publish","type":"page","link":"https:\/\/gdvsdt.com\/blog\/tam-banh-doi-thuong\/","title":{"rendered":"S\u1ed1ng Sao Cho \u0110\u1eb9p"},"content":{"rendered":"<p style=\"text-align: justify;\"><span style=\"font-family: 'times new roman', times, serif; font-size: 14pt;\">C\u00e1c b\u1ea1n th\u00e2n m\u1ebfn!<\/span><\/p>\n<p style=\"text-align: justify;\"><span style=\"font-family: 'times new roman', times, serif; font-size: 14pt;\">M\u1ed7i ng\u01b0\u1eddi ch\u00fang ta \u0111\u01b0\u1ee3c v\u00ed nh\u01b0 m\u1ed9t ho\u1ea1 s\u0129 c\u1ea7m chi\u1ebfc c\u1ecd tr\u00ean tay \u0111\u1ec3 v\u1ebd l\u00ean ch\u1ea5t li\u1ec7u \u0111\u1eddi m\u00ecnh. Ch\u1ea5t li\u1ec7u m\u00e0u s\u1eafc th\u00ec ai c\u0169ng \u0111\u01b0\u1ee3c ban t\u1eb7ng, v\u1ea5n \u0111\u1ec1 l\u00e0 m\u1ed7i ng\u01b0\u1eddi s\u1eed d\u1ee5ng nh\u1eefng ch\u1ea5t li\u1ec7u m\u00e0u s\u1eafc \u1ea5y nh\u01b0 th\u1ebf n\u00e0o \u0111\u1ec3 ho\u00e0n thi\u1ec7n b\u1ee9c tranh c\u1ee7a m\u00ecnh.<\/span><\/p>\n<p style=\"text-align: justify;\"><span style=\"font-family: 'times new roman', times, serif; font-size: 14pt;\">Th\u01b0a b\u1ea1n, ch\u1ea5t li\u1ec7u \u0111\u1ec3 v\u1ebd l\u00ean b\u1ee9c trang \u0111\u1eddi b\u1ea1n ch\u00ednh l\u00e0 nh\u1eefng \u0111\u1ee9c t\u00ednh nh\u00e2n b\u1ea3n s\u1eb5n c\u00f3 trong m\u1ed7i con ng\u01b0\u1eddi ch\u00fang ta. Ta ch\u1ec9 c\u1ea7n \u0111\u00e1nh th\u1ee9c v\u00e0 t\u1ea1o c\u01a1 h\u1ed9i cho ch\u00fang ph\u00e1t tri\u1ec3n: tha th\u1ee9, hi\u1ec7p nh\u1ea5t, s\u1ed1ng hi\u1ec7n t\u1ea1i, l\u00f2ng qu\u1ea3ng \u0111\u1ea1i, khi\u00eam t\u1ed1n\u2026 l\u00e0 nh\u1eefng \u0111\u1ee9c t\u00ednh gi\u00fap b\u1ea1n v\u1ebd n\u00ean \u0111\u1eddi m\u00ecnh th\u00eam \u0111\u1eb9p v\u00e0 th\u00eam ho\u00e0n m\u1ef9. \u0110\u00f3 ch\u00ednh l\u00e0 l\u00fd do ra \u0111\u1eddi m\u1ee5c &#8220;S\u1ed1ng sao cho \u0111\u1eb9p&#8221;. S\u1ed1ng sao cho \u0111\u1eb9p \u0111\u1ec1 cao nh\u1eefng gi\u00e1 tr\u1ecb nh\u00e2n b\u1ea3n, nh\u1eefng t\u1ea5m g\u01b0\u01a1ng s\u1ed1ng c\u1ee7a c\u00e1c b\u1eadt ti\u1ec1n nh\u00e2n qua nh\u1eefng m\u1eabu chuy\u1ec7n ch\u1ee9a s\u1ef1 kh\u00f4n ngoan, kinh nghi\u1ec7m s\u1ed1ng c\u1ee7a nhi\u1ec1u d\u00e2n t\u1ed9c kh\u1eafp n\u0103m ch\u00e2u. \u0110\u1ed3ng th\u1eddi m\u1ee5c S\u1ed1ng sao cho \u0111\u1eb9p c\u0169ng m\u1eddi b\u1ea1n suy g\u1eabm nh\u1eefng gi\u00e1 tr\u1ecb nh\u00e2n b\u1ea3n ti\u1ec1m \u1ea9n trong con ng\u01b0\u1eddi c\u1ee7a b\u1ea1n \u0111\u1ec3 ch\u1ec9 v\u1edbi \u01b0\u1edbc mong gi\u00fap b\u1ea1n s\u1ed1ng sao cho \u0111\u1eb9p v\u1edbi ch\u00ednh m\u00ecnh v\u00e0 nh\u1eefng ng\u01b0\u1eddi xung quanh.<\/span><\/p>\n<p style=\"text-align: justify;\"><span style=\"font-family: 'times new roman', times, serif; font-size: 14pt;\">Br. Huynhqu\u1ea3ng xin h\u00e2n h\u1ea1nh gi\u1edbi thi\u1ec7u lo\u1ea1t b\u00e0i S\u1ed1ng sao cho \u0111\u1eb9p v\u1edbi 10 chuy\u00ean m\u1ee5c: Tha Th\u1ee9 \u2013 Ho\u00e0 Gi\u1ea3i; X\u00e2y D\u1ef1ng S\u1ef1 Hi\u1ec7p Nh\u1ea5t; S\u1ed1ng Hi\u1ec7n T\u1ea1i; \u0110\u01a1n S\u01a1 \u2013 Ch\u00e2n Th\u1eadt; Ki\u00ean Nh\u1eabn \u2013 Ki\u00ean C\u01b0\u1eddng; S\u1ed1ng T\u00edch C\u1ef1c; T\u1ef1 do; Chung thu\u1ef7 &#8211; Trung t\u00edn; Khi\u00eam t\u1ed1n; Nh\u00e2n \u0111\u1ee9c. Hy v\u1ecdng qua nh\u1eefng m\u1eabu chuy\u1ec7n nh\u1ecf n\u00e0y s\u1ebd g\u00f3p ph\u1ea7n nh\u1ecf trong vi\u1ec7c gi\u00fap b\u1ea1n ho\u00e0n th\u00e0nh b\u1ee9c tranh \u0111\u1eddi m\u00ecnh.<\/span><\/p>\n<p style=\"text-align: justify;\"><span style=\"font-family: 'times new roman', times, serif; font-size: 14pt;\">Xin h\u1ebft l\u00f2ng c\u00e1m \u01a1n qu\u00fd t\u00e1c gi\u1ea3 v\u00e0 nh\u1eefng ai \u0111\u00e3 tr\u1ef1c ti\u1ebfp ho\u1eb7c gi\u00e1n ti\u1ebfp chia s\u1ebb trong nh\u1eefng m\u1eabu chuy\u1ec7n c\u1ee7a m\u1ee5c S\u1ed1ng Sao Cho \u0110\u1eb9p.<\/span><\/p>\n<p style=\"text-align: justify;\"><span style=\"font-family: 'times new roman', times, serif; font-size: 14pt;\"><a href=\"http:\/\/brhuynhquang.org\/\"><span style=\"color: #800000;\">Fr. Huyngqu\u1ea3ng<\/span><\/span><\/a><\/p>\n<h2>I- Tha th\u1ee9 &#8211; Ho\u00e0 gi\u1ea3i<\/h2>\n<div class=\"n2-has-copy n2-code n2-ss-slider-shortcode-id\"><\/div>\n<h2>II- X\u00e2y d\u1ef1ng l\u00f2ng hi\u1ec7p nh\u1ea5t<\/h2>\n<div class=\"n2-has-copy n2-code n2-ss-slider-shortcode-id\"><\/div>\n<h2>III- S\u1ed1ng hi\u1ec7n t\u1ea1i<\/h2>\n<div class=\"n2-has-copy n2-code n2-ss-slider-shortcode-id\"><\/div>\n<h2>IV- \u0110\u01a1n s\u01a1 &#8211; Ch\u00e2n th\u1eadt<\/h2>\n<div class=\"n2-has-copy n2-code n2-ss-slider-shortcode-id\"><\/div>\n<h2>V- Ki\u00ean nh\u1eabn &#8211; Ki\u00ean c\u01b0\u1eddng<\/h2>\n<div class=\"n2-has-copy n2-code n2-ss-slider-shortcode-id\"><\/div>\n<h2>VI- S\u1ed1ng t\u00edch c\u1ef1c<\/h2>\n<div class=\"n2-has-copy n2-code n2-ss-slider-shortcode-id\"><\/div>\n<h2>VII- T\u1ef1 do<\/h2>\n<div class=\"n2-has-copy n2-code n2-ss-slider-shortcode-id\"><\/div>\n<h2>VIII- Chung thu\u1ef7 &#8211; Trung t\u00edn<\/h2>\n<div class=\"n2-has-copy n2-code n2-ss-slider-shortcode-id\"><\/div>\n<h2>IX- Khi\u00eam t\u1ed1n<\/h2>\n<div class=\"n2-has-copy n2-code n2-ss-slider-shortcode-id\"><\/div>\n<h2>X- Nh\u00e2n \u0111\u1ee9c<\/h2>\n<div class=\"n2-has-copy n2-code n2-ss-slider-shortcode-id\"><\/div>\n","protected":false},"excerpt":{"rendered":"<p>C\u00e1c b\u1ea1n th\u00e2n m\u1ebfn! M\u1ed7i ng\u01b0\u1eddi ch\u00fang ta \u0111\u01b0\u1ee3c v\u00ed nh\u01b0 m\u1ed9t ho\u1ea1 s\u0129 c\u1ea7m chi\u1ebfc c\u1ecd tr\u00ean tay \u0111\u1ec3 v\u1ebd l\u00ean ch\u1ea5t li\u1ec7u \u0111\u1eddi m\u00ecnh. Ch\u1ea5t li\u1ec7u m\u00e0u s\u1eafc th\u00ec ai c\u0169ng \u0111\u01b0\u1ee3c ban t\u1eb7ng, v\u1ea5n \u0111\u1ec1 l\u00e0 m\u1ed7i ng\u01b0\u1eddi s\u1eed d\u1ee5ng nh\u1eefng ch\u1ea5t li\u1ec7u m\u00e0u s\u1eafc \u1ea5y nh\u01b0 th\u1ebf n\u00e0o \u0111\u1ec3 ho\u00e0n thi\u1ec7n [&hellip;]<\/p>\n","protected":false},"author":3,"featured_media":0,"parent":0,"menu_order":0,"comment_status":"closed","ping_status":"open","template":"","meta":{"jnews_page_loop":{"first_title":"Latest Post","header_type":"heading_6","layout":"right-sidebar","sidebar":"default-sidebar","second_sidebar":"default-sidebar","sticky_sidebar":"1","module":"3","main_custom_image_size":"default","second_custom_image_size":"default","excerpt_length":"20","content_date":"default","date_custom":"Y\/m\/d","content_pagination":"nav_1","pagination_align":"center","post_sticky":"0","post_offset":"0","posts_per_page":"5","sort_by":"latest"},"jnews_single_page":{"layout":"no-sidebar","sidebar":"default-sidebar","second_sidebar":"default-sidebar","sticky_sidebar":"1","show_post_title":"1","show_post_breadcrumbs":"1","show_post_featured":"1","share_position":"top","share_color":"share-monocrhome"},"jnews_social_meta":[],"footnotes":""},"class_list":["post-1576","page","type-page","status-publish","hentry"],"_links":{"self":[{"href":"https:\/\/gdvsdt.com\/blog\/wp-json\/wp\/v2\/pages\/1576","targetHints":{"allow":["GET"]}}],"collection":[{"href":"https:\/\/gdvsdt.com\/blog\/wp-json\/wp\/v2\/pages"}],"about":[{"href":"https:\/\/gdvsdt.com\/blog\/wp-json\/wp\/v2\/types\/page"}],"author":[{"embeddable":true,"href":"https:\/\/gdvsdt.com\/blog\/wp-json\/wp\/v2\/users\/3"}],"replies":[{"embeddable":true,"href":"https:\/\/gdvsdt.com\/blog\/wp-json\/wp\/v2\/comments?post=1576"}],"version-history":[{"count":0,"href":"https:\/\/gdvsdt.com\/blog\/wp-json\/wp\/v2\/pages\/1576\/revisions"}],"wp:attachment":[{"href":"https:\/\/gdvsdt.com\/blog\/wp-json\/wp\/v2\/media?parent=1576"}],"curies":[{"name":"wp","href":"https:\/\/api.w.org\/{rel}","templated":true}]}}