{"id":14520,"date":"2025-03-19T07:15:44","date_gmt":"2025-03-19T07:15:44","guid":{"rendered":"https:\/\/gdvsdt.com\/blog\/home-1\/"},"modified":"2025-11-28T07:09:34","modified_gmt":"2025-11-28T00:09:34","slug":"home-1","status":"publish","type":"page","link":"https:\/\/gdvsdt.com\/blog\/home-1\/","title":{"rendered":"Home 1"},"content":{"rendered":"<h1 class='pt-cv-heading-container heading1' data-blockid='abdbe27'> Heading <\/h1>\n<p><a href=\"https:\/\/gdvsdt.com\/blog\/thu-hai-12-05-2025muc-tu-nhan-lanh\/\" target=\"_self\" ><img width=\"810\" height=\"810\" src=\"https:\/\/gdvsdt.com\/blog\/wp-content\/uploads\/2025\/05\/Thu-Hai-Tuan-IV-Mua-Phuc-Sinh.png\" alt=\"Th\u1ee9 Hai 12.05.2025&lt;br \/&gt;M\u1ee5c T\u1eed nh\u00e2n l\u00e0nh\" decoding=\"async\" \/><\/a><br \/>\n<a href='https:\/\/gdvsdt.com\/blog\/category\/loi-chua-hang-ngay\/' title='L\u1eddi Ch\u00faa m\u1ed7i ng\u00e0y' class='pt-cv-tax-loi-chua-hang-ngay'>L\u1eddi Ch\u00faa m\u1ed7i ng\u00e0y<\/a><\/p>\n<h4><a href=\"https:\/\/gdvsdt.com\/blog\/thu-hai-12-05-2025muc-tu-nhan-lanh\/\" target=\"_self\" >Th\u1ee9 Hai 12.05.2025<br \/>M\u1ee5c T\u1eed nh\u00e2n l\u00e0nh<\/a><\/h4>\n<p>Th\u1ee9 Hai Tu\u1ea7n IV &#8211; M\u00f9a Ph\u1ee5c Sinh Cv 11,1-18 \u2022 Tv 41,2.3 ; 42,3.4 (\u0110. Tv 41,3a) \u2022 Ga &#8230;<br \/>\n<a href=\"https:\/\/gdvsdt.com\/blog\/thu-hai-12-05-2025muc-tu-nhan-lanh\/\" target=\"_self\" >Xem Chi Ti\u1ebft<\/a><br \/>\n <time datetime=\"2025-05-12T05:00:05+07:00\">12\/05\/2025<\/time> \/  <a href=\"https:\/\/gdvsdt.com\/blog\/author\/quyhiep-tran\/\" rel=\"author\">gdvsdt<\/a><br \/>\n<a href=\"https:\/\/gdvsdt.com\/blog\/chua-nhat-11-05-2025nhung-muc-tu-trao-ban-cuoc-song-la-niem-hy-vong-cho-the-gioi\/\" target=\"_self\" ><img width=\"810\" height=\"810\" src=\"https:\/\/gdvsdt.com\/blog\/wp-content\/uploads\/2025\/05\/Chua-Nhat-Tuan-IV-Mua-Phuc-Sinh-C.png\" alt=\"Ch\u00faa Nh\u1eadt 11.05.2025&lt;br \/&gt;NH\u1eeeNG M\u1ee4C T\u1eec TRAO BAN CU\u1ed8C S\u1ed0NG  L\u00c0 NI\u1ec0M HY V\u1eccNG CHO TH\u1ebe GI\u1edaI\" decoding=\"async\" \/><\/a><br \/>\n<a href='https:\/\/gdvsdt.com\/blog\/category\/loi-chua-hang-ngay\/' title='L\u1eddi Ch\u00faa m\u1ed7i ng\u00e0y' class='pt-cv-tax-loi-chua-hang-ngay'>L\u1eddi Ch\u00faa m\u1ed7i ng\u00e0y<\/a><\/p>\n<h4><a href=\"https:\/\/gdvsdt.com\/blog\/chua-nhat-11-05-2025nhung-muc-tu-trao-ban-cuoc-song-la-niem-hy-vong-cho-the-gioi\/\" target=\"_self\" >Ch\u00faa Nh\u1eadt 11.05.2025<br \/>NH\u1eeeNG M\u1ee4C T\u1eec TRAO BAN CU\u1ed8C S\u1ed0NG  L\u00c0 NI\u1ec0M HY V\u1eccNG CHO TH\u1ebe GI\u1edaI<\/a><\/h4>\n<p>\u01a0n g\u1ecdi m\u1ee5c t\u1eed bao g\u1ed3m m\u1ecdi Kit\u00f4 h\u1eefu v\u00e0 c\u00e1ch ri\u00eang l\u00e0 c\u00e1c linh m\u1ee5c. M\u1ecdi Kit\u00f4 h\u1eefu \u0111\u1ec1u &#8230;<br \/>\n<a href=\"https:\/\/gdvsdt.com\/blog\/chua-nhat-11-05-2025nhung-muc-tu-trao-ban-cuoc-song-la-niem-hy-vong-cho-the-gioi\/\" target=\"_self\" >Xem Chi Ti\u1ebft<\/a><br \/>\n <time datetime=\"2025-05-10T05:00:53+07:00\">10\/05\/2025<\/time> \/  <a href=\"https:\/\/gdvsdt.com\/blog\/author\/quyhiep-tran\/\" rel=\"author\">gdvsdt<\/a><br \/>\n<a href=\"https:\/\/gdvsdt.com\/blog\/thu-bay-10-05-2025bo-hay-theo-chua\/\" target=\"_self\" ><img width=\"810\" height=\"810\" src=\"https:\/\/gdvsdt.com\/blog\/wp-content\/uploads\/2025\/05\/Thu-Bay-Tuan-III-Mua-Phuc-Sinh.png\" alt=\"Th\u1ee9 B\u1ea3y 10.05.2025&lt;br \/&gt;B\u1ecf hay theo Ch\u00faa\" decoding=\"async\" \/><\/a><br \/>\n<a href='https:\/\/gdvsdt.com\/blog\/category\/loi-chua-hang-ngay\/' title='L\u1eddi Ch\u00faa m\u1ed7i ng\u00e0y' class='pt-cv-tax-loi-chua-hang-ngay'>L\u1eddi Ch\u00faa m\u1ed7i ng\u00e0y<\/a><\/p>\n<h4><a href=\"https:\/\/gdvsdt.com\/blog\/thu-bay-10-05-2025bo-hay-theo-chua\/\" target=\"_self\" >Th\u1ee9 B\u1ea3y 10.05.2025<br \/>B\u1ecf hay theo Ch\u00faa<\/a><\/h4>\n<p>Th\u1ee9 B\u1ea3y Tu\u1ea7n III &#8211; M\u00f9a Ph\u1ee5c Sinh Cv 9,31-42 \u2022 Tv 115,12-13.14-15.16-17 (\u0110. c.12) \u2022 Ga 6,51.60-69 B\u1ecf Th\u1ea7y &#8230;<br \/>\n<a href=\"https:\/\/gdvsdt.com\/blog\/thu-bay-10-05-2025bo-hay-theo-chua\/\" target=\"_self\" >Xem Chi Ti\u1ebft<\/a><br \/>\n <time datetime=\"2025-05-10T05:00:52+07:00\">10\/05\/2025<\/time> \/  <a href=\"https:\/\/gdvsdt.com\/blog\/author\/quyhiep-tran\/\" rel=\"author\">gdvsdt<\/a><\/p>\n<h2>Th\u00e1nh V\u1ecbnh M\u1ed7i Ng\u00e0y<\/h2>\n\n","protected":false},"excerpt":{"rendered":"<p>Heading L\u1eddi Ch\u00faa m\u1ed7i ng\u00e0y Th\u1ee9 Hai 12.05.2025M\u1ee5c T\u1eed nh\u00e2n l\u00e0nh Th\u1ee9 Hai Tu\u1ea7n IV &#8211; M\u00f9a Ph\u1ee5c Sinh Cv 11,1-18 \u2022 Tv 41,2.3 ; 42,3.4 (\u0110. Tv 41,3a) \u2022 Ga &#8230; Xem Chi Ti\u1ebft 12\/05\/2025 \/ gdvsdt L\u1eddi Ch\u00faa m\u1ed7i ng\u00e0y Ch\u00faa Nh\u1eadt 11.05.2025NH\u1eeeNG M\u1ee4C T\u1eec TRAO BAN CU\u1ed8C S\u1ed0NG L\u00c0 NI\u1ec0M HY V\u1eccNG [&hellip;]<\/p>\n","protected":false},"author":3,"featured_media":0,"parent":0,"menu_order":0,"comment_status":"closed","ping_status":"closed","template":"","meta":{"jnews_page_loop":{"first_title":"Latest Post","header_type":"heading_6","layout":"right-sidebar","sidebar":"default-sidebar","second_sidebar":"default-sidebar","sticky_sidebar":"1","module":"3","main_custom_image_size":"default","second_custom_image_size":"default","excerpt_length":"20","content_date":"default","date_custom":"Y\/m\/d","content_pagination":"nav_1","pagination_align":"center","post_sticky":"0","post_offset":"0","posts_per_page":"5","sort_by":"latest"},"jnews_single_page":{"layout":"no-sidebar","sidebar":"default-sidebar","second_sidebar":"default-sidebar","sticky_sidebar":"1","show_post_title":"1","show_post_breadcrumbs":"1","show_post_featured":"1","share_position":"top","share_color":"share-monocrhome"},"jnews_social_meta":[],"footnotes":""},"class_list":["post-14520","page","type-page","status-publish","hentry"],"_links":{"self":[{"href":"https:\/\/gdvsdt.com\/blog\/wp-json\/wp\/v2\/pages\/14520","targetHints":{"allow":["GET"]}}],"collection":[{"href":"https:\/\/gdvsdt.com\/blog\/wp-json\/wp\/v2\/pages"}],"about":[{"href":"https:\/\/gdvsdt.com\/blog\/wp-json\/wp\/v2\/types\/page"}],"author":[{"embeddable":true,"href":"https:\/\/gdvsdt.com\/blog\/wp-json\/wp\/v2\/users\/3"}],"replies":[{"embeddable":true,"href":"https:\/\/gdvsdt.com\/blog\/wp-json\/wp\/v2\/comments?post=14520"}],"version-history":[{"count":0,"href":"https:\/\/gdvsdt.com\/blog\/wp-json\/wp\/v2\/pages\/14520\/revisions"}],"wp:attachment":[{"href":"https:\/\/gdvsdt.com\/blog\/wp-json\/wp\/v2\/media?parent=14520"}],"curies":[{"name":"wp","href":"https:\/\/api.w.org\/{rel}","templated":true}]}}